{"id":819,"date":"2024-08-12T21:09:18","date_gmt":"2024-08-12T21:09:18","guid":{"rendered":"https:\/\/pearlenze.invistic-dev.com\/about-us\/"},"modified":"2024-12-09T08:09:46","modified_gmt":"2024-12-09T08:09:46","slug":"about-us","status":"publish","type":"page","link":"https:\/\/pearlenze.se\/en\/about-us\/","title":{"rendered":"About us"},"content":{"rendered":"\t\t<div data-elementor-type=\"wp-page\" data-elementor-id=\"819\" class=\"elementor elementor-819 elementor-737\" data-elementor-post-type=\"page\">\n\t\t\t\t<div class=\"elementor-element elementor-element-8e1d56e e-con-full e-flex e-con e-parent\" data-id=\"8e1d56e\" data-element_type=\"container\" data-e-type=\"container\">\n\t\t<div class=\"elementor-element elementor-element-0754bb9 e-flex e-con-boxed e-con e-child\" data-id=\"0754bb9\" data-element_type=\"container\" data-e-type=\"container\">\n\t\t\t\t\t<div class=\"e-con-inner\">\n\t\t<div class=\"elementor-element elementor-element-6c7e4fc e-con-full e-flex e-con e-child\" data-id=\"6c7e4fc\" data-element_type=\"container\" data-e-type=\"container\">\n\t\t\t\t<div class=\"elementor-element elementor-element-ca74f14 elementor-widget__width-inherit elementor-widget elementor-widget-image\" data-id=\"ca74f14\" data-element_type=\"widget\" data-e-type=\"widget\" data-widget_type=\"image.default\">\n\t\t\t\t<div class=\"elementor-widget-container\">\n\t\t\t\t\t\t\t\t\t\t\t\t\t\t\t<img fetchpriority=\"high\" decoding=\"async\" width=\"800\" height=\"377\" src=\"https:\/\/pearlenze.se\/wp-content\/uploads\/2024\/09\/Group-4239-1024x482.jpg\" class=\"attachment-large size-large wp-image-874\" alt=\"\" srcset=\"https:\/\/pearlenze.se\/wp-content\/uploads\/2024\/09\/Group-4239-1024x482.jpg 1024w, https:\/\/pearlenze.se\/wp-content\/uploads\/2024\/09\/Group-4239-600x283.jpg 600w, https:\/\/pearlenze.se\/wp-content\/uploads\/2024\/09\/Group-4239-300x141.jpg 300w, https:\/\/pearlenze.se\/wp-content\/uploads\/2024\/09\/Group-4239-768x362.jpg 768w, https:\/\/pearlenze.se\/wp-content\/uploads\/2024\/09\/Group-4239.jpg 1440w\" sizes=\"(max-width: 800px) 100vw, 800px\" \/>\t\t\t\t\t\t\t\t\t\t\t\t\t\t\t<\/div>\n\t\t\t\t<\/div>\n\t\t\t\t<\/div>\n\t\t<div class=\"elementor-element elementor-element-ca840ad e-con-full e-flex e-con e-child\" data-id=\"ca840ad\" data-element_type=\"container\" data-e-type=\"container\">\n\t\t\t\t<div class=\"elementor-element elementor-element-91be192 elementor-widget elementor-widget-heading\" data-id=\"91be192\" data-element_type=\"widget\" data-e-type=\"widget\" data-widget_type=\"heading.default\">\n\t\t\t\t<div class=\"elementor-widget-container\">\n\t\t\t\t\t<h1 class=\"elementor-heading-title elementor-size-default\">About us<\/h1>\t\t\t\t<\/div>\n\t\t\t\t<\/div>\n\t\t\t\t<div class=\"elementor-element elementor-element-7c9ca84 elementor-widget elementor-widget-text-editor\" data-id=\"7c9ca84\" data-element_type=\"widget\" data-e-type=\"widget\" data-widget_type=\"text-editor.default\">\n\t\t\t\t<div class=\"elementor-widget-container\">\n\t\t\t\t\t\t\t\t\t<p>Our company was founded with a vision to develop skin care products that can Relieve redness, chapped and dry skin &#8211; without the need to use cortisone.&nbsp;<\/p>\n<p>Med st\u00f6d fr\u00e5n erfarna apotekare och l\u00e4kare inom l\u00e4kemedelstillverkning, har vi tagit vara p\u00e5 naturens b\u00e4sta ingredienser f\u00f6r att skapa effektiva produkter fria fr\u00e5n konserveringsmedel och on\u00f6diga kemikalier.<\/p>\n<p>The result is a product series that is based on many years of research and careful testing, all to offer you skin care that really works and makes a difference.<\/p>\n\t\t\t\t\t\t\t\t<\/div>\n\t\t\t\t<\/div>\n\t\t\t\t<div class=\"elementor-element elementor-element-95b4def btn-w-icon btn-icon-hover-grey-30 elementor-widget elementor-widget-button\" data-id=\"95b4def\" data-element_type=\"widget\" data-e-type=\"widget\" data-widget_type=\"button.default\">\n\t\t\t\t<div class=\"elementor-widget-container\">\n\t\t\t\t\t\t\t\t\t<div class=\"elementor-button-wrapper\">\n\t\t\t\t\t<a class=\"elementor-button elementor-size-sm\" role=\"button\">\n\t\t\t\t\t\t<span class=\"elementor-button-content-wrapper\">\n\t\t\t\t\t\t\t\t\t<span class=\"elementor-button-text\">See all products<\/span>\n\t\t\t\t\t<\/span>\n\t\t\t\t\t<\/a>\n\t\t\t\t<\/div>\n\t\t\t\t\t\t\t\t<\/div>\n\t\t\t\t<\/div>\n\t\t\t\t<\/div>\n\t\t\t\t\t<\/div>\n\t\t\t\t<\/div>\n\t\t\t\t<\/div>\n\t\t\t\t<\/div>\n\t\t","protected":false},"excerpt":{"rendered":"<p>About us Our company was founded with a vision to develop skin care products that can Relieve redness, chapped and dry skin &#8211; without the need to use cortisone.&nbsp; Med st\u00f6d fr\u00e5n erfarna apotekare och l\u00e4kare inom l\u00e4kemedelstillverkning, har vi tagit vara p\u00e5 naturens b\u00e4sta ingredienser f\u00f6r att skapa effektiva produkter fria fr\u00e5n konserveringsmedel och [&hellip;]<\/p>\n","protected":false},"author":1,"featured_media":0,"parent":0,"menu_order":0,"comment_status":"closed","ping_status":"closed","template":"","meta":{"_acf_changed":false,"footnotes":""},"class_list":["post-819","page","type-page","status-publish","hentry"],"acf":[],"yoast_head":"<!-- This site is optimized with the Yoast SEO plugin v27.5 - https:\/\/yoast.com\/product\/yoast-seo-wordpress\/ -->\n<title>About us - Pearlenze Skincare<\/title>\n<meta name=\"robots\" content=\"index, follow, max-snippet:-1, max-image-preview:large, max-video-preview:-1\" \/>\n<link rel=\"canonical\" href=\"https:\/\/pearlenze.se\/en\/about-us\/\" \/>\n<meta property=\"og:locale\" content=\"en_US\" \/>\n<meta property=\"og:type\" content=\"article\" \/>\n<meta property=\"og:title\" content=\"About us - Pearlenze Skincare\" \/>\n<meta property=\"og:description\" content=\"About us Our company was founded with a vision to develop skin care products that can Relieve redness, chapped and dry skin &#8211; without the need to use cortisone.&nbsp; Med st\u00f6d fr\u00e5n erfarna apotekare och l\u00e4kare inom l\u00e4kemedelstillverkning, har vi tagit vara p\u00e5 naturens b\u00e4sta ingredienser f\u00f6r att skapa effektiva produkter fria fr\u00e5n konserveringsmedel och [&hellip;]\" \/>\n<meta property=\"og:url\" content=\"https:\/\/pearlenze.se\/en\/about-us\/\" \/>\n<meta property=\"og:site_name\" content=\"Pearlenze Skincare\" \/>\n<meta property=\"article:modified_time\" content=\"2024-12-09T08:09:46+00:00\" \/>\n<meta property=\"og:image\" content=\"https:\/\/pearlenze.se\/wp-content\/uploads\/2024\/09\/Group-4239.jpg\" \/>\n\t<meta property=\"og:image:width\" content=\"1440\" \/>\n\t<meta property=\"og:image:height\" content=\"678\" \/>\n\t<meta property=\"og:image:type\" content=\"image\/jpeg\" \/>\n<meta name=\"twitter:card\" content=\"summary_large_image\" \/>\n<script type=\"application\/ld+json\" class=\"yoast-schema-graph\">{\"@context\":\"https:\\\/\\\/schema.org\",\"@graph\":[{\"@type\":\"WebPage\",\"@id\":\"https:\\\/\\\/pearlenze.se\\\/en\\\/about-us\\\/\",\"url\":\"https:\\\/\\\/pearlenze.se\\\/en\\\/about-us\\\/\",\"name\":\"About us - Pearlenze Skincare\",\"isPartOf\":{\"@id\":\"https:\\\/\\\/pearlenze.se\\\/en\\\/#website\"},\"primaryImageOfPage\":{\"@id\":\"https:\\\/\\\/pearlenze.se\\\/en\\\/about-us\\\/#primaryimage\"},\"image\":{\"@id\":\"https:\\\/\\\/pearlenze.se\\\/en\\\/about-us\\\/#primaryimage\"},\"thumbnailUrl\":\"https:\\\/\\\/pearlenze.se\\\/wp-content\\\/uploads\\\/2024\\\/09\\\/Group-4239-1024x482.jpg\",\"datePublished\":\"2024-08-12T21:09:18+00:00\",\"dateModified\":\"2024-12-09T08:09:46+00:00\",\"breadcrumb\":{\"@id\":\"https:\\\/\\\/pearlenze.se\\\/en\\\/about-us\\\/#breadcrumb\"},\"inLanguage\":\"en-US\",\"potentialAction\":[{\"@type\":\"ReadAction\",\"target\":[\"https:\\\/\\\/pearlenze.se\\\/en\\\/about-us\\\/\"]}]},{\"@type\":\"ImageObject\",\"inLanguage\":\"en-US\",\"@id\":\"https:\\\/\\\/pearlenze.se\\\/en\\\/about-us\\\/#primaryimage\",\"url\":\"https:\\\/\\\/pearlenze.se\\\/wp-content\\\/uploads\\\/2024\\\/09\\\/Group-4239-1024x482.jpg\",\"contentUrl\":\"https:\\\/\\\/pearlenze.se\\\/wp-content\\\/uploads\\\/2024\\\/09\\\/Group-4239-1024x482.jpg\"},{\"@type\":\"BreadcrumbList\",\"@id\":\"https:\\\/\\\/pearlenze.se\\\/en\\\/about-us\\\/#breadcrumb\",\"itemListElement\":[{\"@type\":\"ListItem\",\"position\":1,\"name\":\"Hem\",\"item\":\"https:\\\/\\\/pearlenze.se\\\/en\\\/home\\\/\"},{\"@type\":\"ListItem\",\"position\":2,\"name\":\"About us\"}]},{\"@type\":\"WebSite\",\"@id\":\"https:\\\/\\\/pearlenze.se\\\/en\\\/#website\",\"url\":\"https:\\\/\\\/pearlenze.se\\\/en\\\/\",\"name\":\"Pearlenze Skincare\",\"description\":\"\",\"potentialAction\":[{\"@type\":\"SearchAction\",\"target\":{\"@type\":\"EntryPoint\",\"urlTemplate\":\"https:\\\/\\\/pearlenze.se\\\/en\\\/?s={search_term_string}\"},\"query-input\":{\"@type\":\"PropertyValueSpecification\",\"valueRequired\":true,\"valueName\":\"search_term_string\"}}],\"inLanguage\":\"en-US\"}]}<\/script>\n<!-- \/ Yoast SEO plugin. -->","yoast_head_json":{"title":"About us - Pearlenze Skincare","robots":{"index":"index","follow":"follow","max-snippet":"max-snippet:-1","max-image-preview":"max-image-preview:large","max-video-preview":"max-video-preview:-1"},"canonical":"https:\/\/pearlenze.se\/en\/about-us\/","og_locale":"en_US","og_type":"article","og_title":"About us - Pearlenze Skincare","og_description":"About us Our company was founded with a vision to develop skin care products that can Relieve redness, chapped and dry skin &#8211; without the need to use cortisone.&nbsp; Med st\u00f6d fr\u00e5n erfarna apotekare och l\u00e4kare inom l\u00e4kemedelstillverkning, har vi tagit vara p\u00e5 naturens b\u00e4sta ingredienser f\u00f6r att skapa effektiva produkter fria fr\u00e5n konserveringsmedel och [&hellip;]","og_url":"https:\/\/pearlenze.se\/en\/about-us\/","og_site_name":"Pearlenze Skincare","article_modified_time":"2024-12-09T08:09:46+00:00","og_image":[{"width":1440,"height":678,"url":"https:\/\/pearlenze.se\/wp-content\/uploads\/2024\/09\/Group-4239.jpg","type":"image\/jpeg"}],"twitter_card":"summary_large_image","schema":{"@context":"https:\/\/schema.org","@graph":[{"@type":"WebPage","@id":"https:\/\/pearlenze.se\/en\/about-us\/","url":"https:\/\/pearlenze.se\/en\/about-us\/","name":"About us - Pearlenze Skincare","isPartOf":{"@id":"https:\/\/pearlenze.se\/en\/#website"},"primaryImageOfPage":{"@id":"https:\/\/pearlenze.se\/en\/about-us\/#primaryimage"},"image":{"@id":"https:\/\/pearlenze.se\/en\/about-us\/#primaryimage"},"thumbnailUrl":"https:\/\/pearlenze.se\/wp-content\/uploads\/2024\/09\/Group-4239-1024x482.jpg","datePublished":"2024-08-12T21:09:18+00:00","dateModified":"2024-12-09T08:09:46+00:00","breadcrumb":{"@id":"https:\/\/pearlenze.se\/en\/about-us\/#breadcrumb"},"inLanguage":"en-US","potentialAction":[{"@type":"ReadAction","target":["https:\/\/pearlenze.se\/en\/about-us\/"]}]},{"@type":"ImageObject","inLanguage":"en-US","@id":"https:\/\/pearlenze.se\/en\/about-us\/#primaryimage","url":"https:\/\/pearlenze.se\/wp-content\/uploads\/2024\/09\/Group-4239-1024x482.jpg","contentUrl":"https:\/\/pearlenze.se\/wp-content\/uploads\/2024\/09\/Group-4239-1024x482.jpg"},{"@type":"BreadcrumbList","@id":"https:\/\/pearlenze.se\/en\/about-us\/#breadcrumb","itemListElement":[{"@type":"ListItem","position":1,"name":"Hem","item":"https:\/\/pearlenze.se\/en\/home\/"},{"@type":"ListItem","position":2,"name":"About us"}]},{"@type":"WebSite","@id":"https:\/\/pearlenze.se\/en\/#website","url":"https:\/\/pearlenze.se\/en\/","name":"Pearlenze Skincare","description":"","potentialAction":[{"@type":"SearchAction","target":{"@type":"EntryPoint","urlTemplate":"https:\/\/pearlenze.se\/en\/?s={search_term_string}"},"query-input":{"@type":"PropertyValueSpecification","valueRequired":true,"valueName":"search_term_string"}}],"inLanguage":"en-US"}]}},"_links":{"self":[{"href":"https:\/\/pearlenze.se\/en\/wp-json\/wp\/v2\/pages\/819","targetHints":{"allow":["GET"]}}],"collection":[{"href":"https:\/\/pearlenze.se\/en\/wp-json\/wp\/v2\/pages"}],"about":[{"href":"https:\/\/pearlenze.se\/en\/wp-json\/wp\/v2\/types\/page"}],"author":[{"embeddable":true,"href":"https:\/\/pearlenze.se\/en\/wp-json\/wp\/v2\/users\/1"}],"replies":[{"embeddable":true,"href":"https:\/\/pearlenze.se\/en\/wp-json\/wp\/v2\/comments?post=819"}],"version-history":[{"count":6,"href":"https:\/\/pearlenze.se\/en\/wp-json\/wp\/v2\/pages\/819\/revisions"}],"predecessor-version":[{"id":1089,"href":"https:\/\/pearlenze.se\/en\/wp-json\/wp\/v2\/pages\/819\/revisions\/1089"}],"wp:attachment":[{"href":"https:\/\/pearlenze.se\/en\/wp-json\/wp\/v2\/media?parent=819"}],"curies":[{"name":"wp","href":"https:\/\/api.w.org\/{rel}","templated":true}]}}